{"id":1432,"date":"2025-06-25T15:22:28","date_gmt":"2025-06-25T13:22:28","guid":{"rendered":"https:\/\/futurwave.local\/?post_type=product&#038;p=1432"},"modified":"2026-04-12T09:57:10","modified_gmt":"2026-04-12T07:57:10","slug":"sifly-rider-plus","status":"publish","type":"product","link":"https:\/\/futurwave.shop\/de\/product\/sifly-rider-plus\/","title":{"rendered":"SiFly Rider+"},"content":{"rendered":"<h2>Erschwingliche eFoil f\u00fcr Anf\u00e4nger: ideal f\u00fcr Schulen oder Vermietungen<\/h2>\n<p>&nbsp;<\/p>\n<p class=\"p1\">Die <span class=\"s1\">SiFly Rider+<\/span> ist das eFoil-Board der Wahl f\u00fcr alle, die auf der Suche nach <span class=\"s1\">Sicherheit, Stabilit\u00e4t und Benutzerfreundlichkeit<\/span>. Mit seiner gr\u00f6\u00dferen Gr\u00f6\u00dfe, der weichen Oberschicht und der stabilen Konstruktion ist dieses Board perfekt f\u00fcr <span class=\"s1\">Anf\u00e4nger, eFoil-Schulen, Yachtverleih und Wassersportzentren<\/span>. Die <span class=\"s1\">Autodeckschicht<\/span> ist sto\u00dfd\u00e4mpfend und bietet zus\u00e4tzlichen Schutz bei St\u00fcrzen - ideal f\u00fcr alle, die noch lernen m\u00fcssen, auf dem Wasser zu balancieren. Dank der <span class=\"s1\">Geschlossenzellige Schaumstoffkonstruktion<\/span> Das Board bleibt leicht, schwimmf\u00e4hig und langlebig, auch bei intensiver Nutzung im professionellen Bereich.<\/p>\n<p class=\"p1\">Mit einem Inhalt von <span class=\"s1\">130 Liter<\/span> Der Rider+ bietet einen ausgezeichneten Auftrieb, der das Aufsteigen und Starten erheblich erleichtert. Dies erh\u00f6ht nicht nur das Vertrauen der neuen eFoiler, sondern verringert auch das Risiko von Verletzungen oder Kollisionen. Trotz des weichen Decks ist der Rider+ immer noch <span class=\"s1\">steif durch den steifen Aluminium-Hilfsrahmen und reaktionsschnell genug<\/span> um beim Cruisen pr\u00e4zise Kontrolle zu behalten. Das macht dieses Modell vielseitig - von sanften Fahrten bis zu technischeren Fahrten, wenn das Vertrauen w\u00e4chst. Ob Sie unterrichten, mieten oder selbst gerade erst anfangen: Das <span class=\"s1\">SiFly Rider+<\/span> macht eFoiling sicherer, bequemer und zug\u00e4nglicher als je zuvor. Die <span class=\"s1\">Dual Ride Wing 1000<\/span> ist ein vielseitiger Fl\u00fcgel, mit dem du durch einfaches Umklappen der Eintrittskante zwischen Komfort und sportlichem Foilen wechseln kannst. Er ist aus hochwertigem Aluminium gefertigt und bietet sowohl Anf\u00e4ngern als auch Fortgeschrittenen eine ideale Mischung aus Stabilit\u00e4t, Man\u00f6vrierf\u00e4higkeit und Haltbarkeit.<\/p>\n<p>&nbsp;<\/p>\n<h3>Warum den SiFly Rider+ w\u00e4hlen?<\/h3>\n<p>&nbsp;<\/p>\n<div class=\"spec-item\"><span class=\"s1\">-Ideal f\u00fcr <\/span><b>eFoil-Unterricht, -Verleih und -Charter<\/b><\/div>\n<div>-Bequemes, weiches Softtop verhindert Verletzungen<\/div>\n<div>-Ausgezeichneter Auftrieb f\u00fcr leichte Starts<\/div>\n<div>\n<div class=\"spec-item\">-geeignet f\u00fcr Anf\u00e4nger jeden Alters<\/div>\n<div>-Wartungsfreundlich und langlebig<\/div>\n<p>&nbsp;<\/p>\n<div class=\"spec-item\"><strong>Zielpublikum:<\/strong> Kommerziell<\/div>\n<div><strong>Gewicht des Fahrers:<\/strong> 40-140 kg<\/div>\n<div><strong>Batterie:<\/strong> Powercell LR 2,3 KWh \/ 44,8 Ah<\/div>\n<div class=\"spec-item\"><strong>Enth\u00e4lt:<\/strong> Board + V3 75 cm Mast + Tragfl\u00e4chen + Fernbedienung + Akku + Schnellladeger\u00e4t + Boardbags<\/div>\n<div><strong>Exklusiv:<\/strong> R\u00e4der des Mond-Rovers<\/div>\n<p>&nbsp;<\/p>\n<p>&nbsp;<\/p>\n<div><i style=\"opacity: 0.4;\">Durch st\u00e4ndige Produktverbesserungen k\u00f6nnen die gezeigten Bilder leicht vom Endprodukt abweichen.<\/i><\/div>\n<\/div>","protected":false},"excerpt":{"rendered":"<div class=\"specs-list\">\n<div class=\"spec-item\"><strong>Lautst\u00e4rke:<\/strong> 130 Liter<\/div>\n<div><strong>Gr\u00f6\u00dfe:<\/strong> 171 x 72 cm (36 kg)<\/div>\n<div><strong>Qualifikationsniveau:<\/strong> Anf\u00e4nger<\/div>\n<div class=\"spec-item\"><strong>Konstruktion:<\/strong> Schaumstoffplatte + Aluminiummast<\/div>\n<div><strong>Fl\u00fcgel:<\/strong> Aluminium<\/div>\n<\/div>","protected":false},"featured_media":3085,"template":"","meta":{"_seopress_robots_primary_cat":"none","_seopress_titles_title":"SiFly Rider+ eFoil - Betaalbare beginners eFoil","_seopress_titles_desc":"De SiFly Rider+ is d\u00e9 eFoil voor beginners. Betaalbaar, stabiel en veilig dankzij de zachte constructie. Ideaal voor scholen of eerste surfervaringen.","_seopress_robots_index":""},"product_brand":[],"product_cat":[16],"product_tag":[],"class_list":{"0":"post-1432","1":"product","2":"type-product","3":"status-publish","4":"has-post-thumbnail","6":"product_cat-efoils","7":"product_shipping_class-verzending-xl","9":"first","10":"onbackorder","11":"taxable","12":"shipping-taxable","13":"purchasable","14":"product-type-variable"},"_links":{"self":[{"href":"https:\/\/futurwave.shop\/de\/wp-json\/wp\/v2\/product\/1432","targetHints":{"allow":["GET"]}}],"collection":[{"href":"https:\/\/futurwave.shop\/de\/wp-json\/wp\/v2\/product"}],"about":[{"href":"https:\/\/futurwave.shop\/de\/wp-json\/wp\/v2\/types\/product"}],"version-history":[{"count":20,"href":"https:\/\/futurwave.shop\/de\/wp-json\/wp\/v2\/product\/1432\/revisions"}],"predecessor-version":[{"id":3307,"href":"https:\/\/futurwave.shop\/de\/wp-json\/wp\/v2\/product\/1432\/revisions\/3307"}],"wp:featuredmedia":[{"embeddable":true,"href":"https:\/\/futurwave.shop\/de\/wp-json\/wp\/v2\/media\/3085"}],"wp:attachment":[{"href":"https:\/\/futurwave.shop\/de\/wp-json\/wp\/v2\/media?parent=1432"}],"wp:term":[{"taxonomy":"product_brand","embeddable":true,"href":"https:\/\/futurwave.shop\/de\/wp-json\/wp\/v2\/product_brand?post=1432"},{"taxonomy":"product_cat","embeddable":true,"href":"https:\/\/futurwave.shop\/de\/wp-json\/wp\/v2\/product_cat?post=1432"},{"taxonomy":"product_tag","embeddable":true,"href":"https:\/\/futurwave.shop\/de\/wp-json\/wp\/v2\/product_tag?post=1432"}],"curies":[{"name":"wp","href":"https:\/\/api.w.org\/{rel}","templated":true}]}}