{"id":1454,"date":"2025-06-25T16:39:07","date_gmt":"2025-06-25T14:39:07","guid":{"rendered":"https:\/\/futurwave.local\/?post_type=product&#038;p=1454"},"modified":"2026-04-11T10:14:19","modified_gmt":"2026-04-11T08:14:19","slug":"sifly-rider-plus-extra","status":"publish","type":"product","link":"https:\/\/futurwave.shop\/de\/product\/sifly-rider-plus-extra\/","title":{"rendered":"SiFly Rider+ Extra"},"content":{"rendered":"<h2>Die ideale eFoil mit Softdeck f\u00fcr den Verleih oder Schulen<\/h2>\n<p>&nbsp;<\/p>\n<p class=\"p1\">Die <span class=\"s1\">SiFly Rider+ Extra<\/span> ist die eFoil f\u00fcr alle, die das Ultimative suchen <span class=\"s1\">Zug\u00e4nglichkeit, Sicherheit und Qualit\u00e4t<\/span> in einem einzigen Premium-Paket. Dieses Modell kombiniert die <span class=\"s1\">Stabilit\u00e4t und weiche Lenkung<\/span> des klassischen Rider+ mit <span class=\"s1\">Karbonfl\u00fcgel und Schutzabdeckungen<\/span>f\u00fcr ein \u00fcberragendes Erlebnis auf und neben dem Wasser. Mit seinem gro\u00dfz\u00fcgigen <span class=\"s1\">130 Liter Volumen<\/span> Der Rider+ Extra bietet hervorragende <span class=\"s1\">Triebkraft und Gleichgewicht<\/span>ideal f\u00fcr Anf\u00e4nger und fortgeschrittene Freizeitspieler. Dank der <span class=\"s1\">gr\u00f6\u00dferer Umriss<\/span> gleiten m\u00fchelos \u00fcber das Wasser mit <span class=\"s1\">sanfte, kontrollierte Bewegungen<\/span>. Dies macht die Platte auch besonders geeignet f\u00fcr <span class=\"s1\">Wassersportzentren, Yachtverleih oder eFoil-Schulen<\/span> die ihren Kunden Komfort und Sicherheit garantieren wollen.<\/p>\n<p class=\"p1\">Die <span class=\"s1\">Geschlossenzellige Schaumstoffkonstruktion<\/span> sorgt f\u00fcr Haltbarkeit und optimalen Auftrieb, w\u00e4hrend die <span class=\"s1\">sto\u00dfd\u00e4mpfendes Softtop-Verdeck<\/span> macht St\u00fcrze sicherer und weniger einsch\u00fcchternd. Gleichzeitig bleibt das Board durch den Aluminium-Subframe ausreichend steif f\u00fcr eine direkte Lenkung, so dass du als Fahrer immer noch die volle Kontrolle beh\u00e4ltst. R<span class=\"s1\">aufmerksam genug<\/span> um beim Cruisen pr\u00e4zise Kontrolle zu behalten. Das macht dieses Modell vielseitig - von sanften Fahrten bis zu technischeren Fahrten, wenn das Vertrauen w\u00e4chst. Ob Sie unterrichten, mieten oder selbst gerade erst anfangen: Das <span class=\"s1\">SiFly Rider+<\/span> Extra macht eFoiling sicherer, bequemer und zug\u00e4nglicher als je zuvor.<\/p>\n<p>&nbsp;<\/p>\n<h3>Warum sollten Sie den SiFly Rider+ Extra w\u00e4hlen?<\/h3>\n<p>&nbsp;<\/p>\n<div class=\"spec-item\"><span class=\"s1\">-Ideal f\u00fcr <\/span><b>eFoil-Unterricht, -Verleih und -Charter<\/b><\/div>\n<div>-Bequemes, weiches Softtop verhindert Verletzungen<\/div>\n<div>-Ausgezeichneter Auftrieb f\u00fcr leichte Starts<\/div>\n<div class=\"spec-item\">-geeignet f\u00fcr Anf\u00e4nger jeden Alters<\/div>\n<div>-Wartungsfreundlich und langlebig<\/div>\n<p>&nbsp;<\/p>\n<div class=\"spec-item\"><strong>Zielpublikum:<\/strong> Kommerziell<\/div>\n<div><strong>Gewicht des Fahrers:<\/strong> 40-140 kg<\/div>\n<div><strong>Batterie:<\/strong> Powercell LR 2,3 KWh \/ 44,8 Ah<\/div>\n<div class=\"spec-item\"><strong>Enth\u00e4lt:<\/strong> Board + V3 75 cm Mast + Tragfl\u00e4chen + Fernbedienung + Akku + Schnellladeger\u00e4t + Boardbags<\/div>\n<div><strong>Exklusiv:<\/strong> R\u00e4der des Mond-Rovers<\/div>\n<p>&nbsp;<\/p>\n<p>&nbsp;<\/p>\n<div><i style=\"opacity: 0.4;\">Durch st\u00e4ndige Produktverbesserungen k\u00f6nnen die gezeigten Bilder leicht vom Endprodukt abweichen.<\/i><\/div>","protected":false},"excerpt":{"rendered":"<div class=\"specs-list\">\n<div class=\"spec-item\"><strong>Lautst\u00e4rke:<\/strong> 130 Liter<\/div>\n<div><strong>Gr\u00f6\u00dfe:<\/strong> 171 x 72 cm (36 kg)<\/div>\n<div><strong>Qualifikationsniveau:<\/strong> Anf\u00e4nger<\/div>\n<div class=\"spec-item\"><strong>Konstruktion:<\/strong> Schaumstoffplatte + Aluminiummast<\/div>\n<div><strong>Fl\u00fcgel:<\/strong> Kohlenstoff<\/div>\n<\/div>","protected":false},"featured_media":3086,"template":"","meta":{"_seopress_robots_primary_cat":"none","_seopress_titles_title":"SiFly Rider+ Extra eFoil - Ideale eFoil voor verhuur of scholen","_seopress_titles_desc":"Stabiele eFoil voor verhuur, jachtcharters of watersportcentra. De Rider+ Extra biedt comfort, veiligheid & extra duurzaamheid, carbon wings & soft deck.","_seopress_robots_index":""},"product_brand":[],"product_cat":[16],"product_tag":[],"class_list":{"0":"post-1454","1":"product","2":"type-product","3":"status-publish","4":"has-post-thumbnail","6":"product_cat-efoils","7":"product_shipping_class-verzending-xl","9":"first","10":"onbackorder","11":"taxable","12":"shipping-taxable","13":"purchasable","14":"product-type-variable"},"_links":{"self":[{"href":"https:\/\/futurwave.shop\/de\/wp-json\/wp\/v2\/product\/1454","targetHints":{"allow":["GET"]}}],"collection":[{"href":"https:\/\/futurwave.shop\/de\/wp-json\/wp\/v2\/product"}],"about":[{"href":"https:\/\/futurwave.shop\/de\/wp-json\/wp\/v2\/types\/product"}],"version-history":[{"count":7,"href":"https:\/\/futurwave.shop\/de\/wp-json\/wp\/v2\/product\/1454\/revisions"}],"predecessor-version":[{"id":1457,"href":"https:\/\/futurwave.shop\/de\/wp-json\/wp\/v2\/product\/1454\/revisions\/1457"}],"wp:featuredmedia":[{"embeddable":true,"href":"https:\/\/futurwave.shop\/de\/wp-json\/wp\/v2\/media\/3086"}],"wp:attachment":[{"href":"https:\/\/futurwave.shop\/de\/wp-json\/wp\/v2\/media?parent=1454"}],"wp:term":[{"taxonomy":"product_brand","embeddable":true,"href":"https:\/\/futurwave.shop\/de\/wp-json\/wp\/v2\/product_brand?post=1454"},{"taxonomy":"product_cat","embeddable":true,"href":"https:\/\/futurwave.shop\/de\/wp-json\/wp\/v2\/product_cat?post=1454"},{"taxonomy":"product_tag","embeddable":true,"href":"https:\/\/futurwave.shop\/de\/wp-json\/wp\/v2\/product_tag?post=1454"}],"curies":[{"name":"wp","href":"https:\/\/api.w.org\/{rel}","templated":true}]}}