{"id":1557,"date":"2025-06-27T18:46:40","date_gmt":"2025-06-27T16:46:40","guid":{"rendered":"https:\/\/futurwave.local\/?post_type=product&#038;p=1557"},"modified":"2026-02-27T11:14:01","modified_gmt":"2026-02-27T10:14:01","slug":"sifly-moon-rover-rader","status":"publish","type":"product","link":"https:\/\/futurwave.shop\/de\/product\/sifly-moon-rover-wielen\/","title":{"rendered":"SiFly Moon Rover R\u00e4der"},"content":{"rendered":"<h2 class=\"p1\">Moon Rover-R\u00e4der - Transportieren Sie Ihr eFoil m\u00fchelos auf jedem Terrain<\/h2>\n<p>&nbsp;<\/p>\n<p class=\"p1\">Bringen Sie Ihr eFoil-Abenteuer auf ein neues Niveau mit dem <span class=\"s1\">Moon Rover-R\u00e4der<\/span>Diese R\u00e4der wurden speziell f\u00fcr Wassersportler entwickelt, die ihre Ausr\u00fcstung reibungslos und ohne zu schleifen transportieren wollen. Ob auf Sandstr\u00e4nden, Kieselsteinen oder gepflasterten Wanderwegen - diese R\u00e4der sorgen f\u00fcr eine ruhige, stabile Fahrt. Dank der <span class=\"s1\">leichte, aber robuste Konstruktion<\/span> und intelligentem Design k\u00f6nnen Sie die R\u00e4der einfach an Ihren eFoil-Tragetaschen befestigen, ohne zus\u00e4tzliches Gewicht oder klobiges Zubeh\u00f6r. Perfekt f\u00fcr alle, die ihr eFoil m\u00fchelos vom Auto zur Wasserlinie transportieren m\u00f6chten.<\/p>\n<p class=\"p1\">Ob Sie ein begeisterter Foiler sind oder nur am Wochenende aufs Wasser gehen, Moon Rover Wheels bieten Ihnen Komfort, Zeitersparnis und ultimative Benutzerfreundlichkeit.<\/p>\n<p>&nbsp;<\/p>\n<p>&nbsp;<\/p>\n<p>&nbsp;<\/p>\n<h3>Warum Moon Rover-R\u00e4der w\u00e4hlen?<\/h3>\n<p>&nbsp;<\/p>\n<div class=\"spec-item\"><span class=\"s1\">-Gleitende Bewegung auf jedem Terrain<\/span><\/div>\n<div>-Leicht und langlebig<\/div>\n<div>Einfache Befestigung: in Sekundenschnelle auf Ihrer eFoil-Tasche montiert<\/div>\n<div class=\"spec-item\">-kompaktes Design: nimmt nur wenig Platz in Anspruch<\/div>\n<div>-Gemacht f\u00fcr Wassersportbegeisterte<\/div>\n<p>&nbsp;<\/p>\n<div><strong>Kompatibel:<\/strong> SiFly Boardbags<\/div>\n<div class=\"spec-item\"><strong>Enth\u00e4lt:<\/strong> 2x Moon Rover-R\u00e4der<\/div>\n<div><strong>Exklusiv:<\/strong> Bord, Mast, Batterie, Fl\u00fcgel<\/div>\n<p>&nbsp;<\/p>\n<p>&nbsp;<\/p>\n<div><i style=\"opacity: 0.4;\">Durch st\u00e4ndige Produktverbesserungen k\u00f6nnen die gezeigten Bilder leicht vom Endprodukt abweichen.<\/i><\/div>","protected":false},"excerpt":{"rendered":"<div class=\"specs-list\">\n<div><strong>Gr\u00f6\u00dfe:<\/strong> 33 cm Durchmesser<\/div>\n<div class=\"spec-item\"><strong>Konstruktion:<\/strong> Gummi<\/div>\n<\/div>","protected":false},"featured_media":1560,"template":"","meta":{"_seopress_robots_primary_cat":"none","_seopress_titles_title":"Moon Rover Wielen - eFoil transportoplossings voor elk terrein","_seopress_titles_desc":"Verplaats je eFoil moeiteloos met de Moon Rover Wielen. Perfect voor zand, gras of straatstenen. Lichtgewicht, stevig en eenvoudig te bevestigen aan je eFoil-tas.","_seopress_robots_index":""},"product_brand":[],"product_cat":[17],"product_tag":[],"class_list":{"0":"post-1557","1":"product","2":"type-product","3":"status-publish","4":"has-post-thumbnail","6":"product_cat-efoil-accessoires","7":"product_shipping_class-verzending-s","9":"first","10":"instock","11":"taxable","12":"shipping-taxable","13":"purchasable","14":"product-type-variable"},"_links":{"self":[{"href":"https:\/\/futurwave.shop\/de\/wp-json\/wp\/v2\/product\/1557","targetHints":{"allow":["GET"]}}],"collection":[{"href":"https:\/\/futurwave.shop\/de\/wp-json\/wp\/v2\/product"}],"about":[{"href":"https:\/\/futurwave.shop\/de\/wp-json\/wp\/v2\/types\/product"}],"version-history":[{"count":4,"href":"https:\/\/futurwave.shop\/de\/wp-json\/wp\/v2\/product\/1557\/revisions"}],"predecessor-version":[{"id":2417,"href":"https:\/\/futurwave.shop\/de\/wp-json\/wp\/v2\/product\/1557\/revisions\/2417"}],"wp:featuredmedia":[{"embeddable":true,"href":"https:\/\/futurwave.shop\/de\/wp-json\/wp\/v2\/media\/1560"}],"wp:attachment":[{"href":"https:\/\/futurwave.shop\/de\/wp-json\/wp\/v2\/media?parent=1557"}],"wp:term":[{"taxonomy":"product_brand","embeddable":true,"href":"https:\/\/futurwave.shop\/de\/wp-json\/wp\/v2\/product_brand?post=1557"},{"taxonomy":"product_cat","embeddable":true,"href":"https:\/\/futurwave.shop\/de\/wp-json\/wp\/v2\/product_cat?post=1557"},{"taxonomy":"product_tag","embeddable":true,"href":"https:\/\/futurwave.shop\/de\/wp-json\/wp\/v2\/product_tag?post=1557"}],"curies":[{"name":"wp","href":"https:\/\/api.w.org\/{rel}","templated":true}]}}