{"id":171,"date":"2025-06-15T18:40:04","date_gmt":"2025-06-15T16:40:04","guid":{"rendered":"https:\/\/futurwave.local\/?post_type=product&#038;p=171"},"modified":"2026-04-12T09:49:31","modified_gmt":"2026-04-12T07:49:31","slug":"wendiger-reiter","status":"publish","type":"product","link":"https:\/\/futurwave.shop\/de\/product\/sifly-rider\/","title":{"rendered":"SiFly Rider"},"content":{"rendered":"<h2 class=\"p1\">Erschwingliches eFoil f\u00fcr jeden Surfer: wendig &amp; stabil<\/h2>\n<p>&nbsp;<\/p>\n<p class=\"p1\">Die <span class=\"s1\">SiFly Rider<\/span> ist die ideale <span class=\"s1\">eFoil-Platte<\/span> F\u00fcr Surfer auf der Suche nach einem <span class=\"s1\">erschwingliches, kompaktes und leistungsstarkes elektrisches Surfbrett<\/span>. Dieses Modell kombiniert <span class=\"s1\">zug\u00e4ngliche Leistungen<\/span> mit einer robusten Konstruktion, die sowohl f\u00fcr eFoilers-Anf\u00e4nger als auch f\u00fcr fortgeschrittene Enthusiasten geeignet ist, die ihre Technik und ihren Stil verbessern wollen. Mit seinem <span class=\"s1\">kompakte Rumpfform<\/span> Der SiFly Rider ist au\u00dfergew\u00f6hnlich wendig und reagiert schnell auf Ihre Bewegungen. Dank der starren <span class=\"s1\">Aluminium-Hilfsrahmen<\/span> bleibt das Board auch bei hohen Geschwindigkeiten oder scharfen Kurven stabil. Das macht es ideal f\u00fcr <span class=\"s1\">aggressive Schnitzerei<\/span> und kontrollierte Fahrten unter verschiedenen Bedingungen - von ruhigen Seen bis zu leichtem Seegang.<\/p>\n<p class=\"p1\">Was den Rider einzigartig macht, ist sein <span class=\"s1\">schnelle Wiederherstellung des Touchdowns<\/span>. Wenn du kurz den Kontakt zum Wasser verlierst, erholt sich das Board fast sofort, sodass du l\u00e4nger und sicherer eFoil fahren kannst. Das gibt Anf\u00e4ngern mehr Selbstvertrauen und fortgeschrittenen Fahrern mehr Raum zum Experimentieren mit Tricks und Drehungen. Egal, ob du zum ersten Mal ein eFoil kaufst oder dein bestehendes Setup aufr\u00fcsten willst, das <span class=\"s1\">SiFly Rider bietet seri\u00f6se Leistung zu einem erschwinglichen Preis<\/span>. Es ist die perfekte Wahl f\u00fcr alle, die eFoiling genie\u00dfen wollen, ohne Kompromisse bei der Qualit\u00e4t oder dem Bootsvergn\u00fcgen einzugehen. Die <span class=\"s1\">Dual Ride Wing 1000<\/span> ist ein vielseitiger Fl\u00fcgel, mit dem du durch einfaches Umklappen der Eintrittskante zwischen Komfort und sportlichem Foilen wechseln kannst. Er ist aus hochwertigem Aluminium gefertigt und bietet sowohl Anf\u00e4ngern als auch Fortgeschrittenen eine ideale Mischung aus Stabilit\u00e4t, Man\u00f6vrierf\u00e4higkeit und Haltbarkeit.<\/p>\n<p>&nbsp;<\/p>\n<h3>Warum der SiFly Rider?<\/h3>\n<p>&nbsp;<\/p>\n<div class=\"spec-item\"><span class=\"s1\">-kompakt und wendig, perfekt f\u00fcr sportliche Fahrten<\/span><\/div>\n<div>-Bequemes, weiches Softtop verhindert Verletzungen<\/div>\n<div>-Erschwingliche eFoil-Platte ohne Kompromisse bei der Leistung<\/div>\n<div class=\"spec-item\">-Geeignet f\u00fcr Anf\u00e4nger - Durchschnitt aller Altersgruppen<\/div>\n<div>-Wartungsfreundlich und langlebig<\/div>\n<p>&nbsp;<\/p>\n<div class=\"spec-item\"><strong>Zielpublikum:<\/strong> Privat + Kommerziell<\/div>\n<div><strong>Gewicht des Fahrers:<\/strong> 30-130 kg<\/div>\n<div><strong>Batterie:<\/strong> Powercell LR 2,3 KWh \/ 44,8 Ah<\/div>\n<div class=\"spec-item\"><strong>Enth\u00e4lt:<\/strong> Board + V3 75 cm Mast + Tragfl\u00e4chen + Fernbedienung + Akku + Schnellladeger\u00e4t<\/div>\n<div><strong>Exklusiv:<\/strong> Bordtaschen<\/div>\n<p>&nbsp;<\/p>\n<p>&nbsp;<\/p>\n<div><i style=\"opacity: 0.4;\">Durch st\u00e4ndige Produktverbesserungen k\u00f6nnen die gezeigten Bilder leicht vom Endprodukt abweichen.<\/i><\/div>","protected":false},"excerpt":{"rendered":"<div class=\"specs-list\">\n<div class=\"spec-item\"><strong>Lautst\u00e4rke:<\/strong> 110 Liter<\/div>\n<div><strong>Gr\u00f6\u00dfe:<\/strong> 161 x 66 cm (35 kg)<\/div>\n<div><strong>Qualifikationsniveau:<\/strong> Anf\u00e4nger - Fortgeschrittene<\/div>\n<div class=\"spec-item\"><strong>Konstruktion:<\/strong> Schaumstoffplatte + Aluminiummast<\/div>\n<div><strong>Fl\u00fcgel:<\/strong> Aluminium<\/div>\n<\/div>","protected":false},"featured_media":2544,"template":"","meta":{"_seopress_robots_primary_cat":"none","_seopress_titles_title":"SiFly Rider eFoil - Betaalbare eFoil voor elke surfer","_seopress_titles_desc":"Ontdek de SiFly Rider: een compacte, betaalbare eFoil voor wie vlot wil starten met elektrisch surfen. Wendbaar, stabiel en klaar voor jouw eerste rit.","_seopress_robots_index":""},"product_brand":[],"product_cat":[16],"product_tag":[],"class_list":{"0":"post-171","1":"product","2":"type-product","3":"status-publish","4":"has-post-thumbnail","6":"product_cat-efoils","7":"product_shipping_class-verzending-xl","9":"first","10":"onbackorder","11":"taxable","12":"shipping-taxable","13":"purchasable","14":"product-type-variable"},"_links":{"self":[{"href":"https:\/\/futurwave.shop\/de\/wp-json\/wp\/v2\/product\/171","targetHints":{"allow":["GET"]}}],"collection":[{"href":"https:\/\/futurwave.shop\/de\/wp-json\/wp\/v2\/product"}],"about":[{"href":"https:\/\/futurwave.shop\/de\/wp-json\/wp\/v2\/types\/product"}],"version-history":[{"count":44,"href":"https:\/\/futurwave.shop\/de\/wp-json\/wp\/v2\/product\/171\/revisions"}],"predecessor-version":[{"id":3305,"href":"https:\/\/futurwave.shop\/de\/wp-json\/wp\/v2\/product\/171\/revisions\/3305"}],"wp:featuredmedia":[{"embeddable":true,"href":"https:\/\/futurwave.shop\/de\/wp-json\/wp\/v2\/media\/2544"}],"wp:attachment":[{"href":"https:\/\/futurwave.shop\/de\/wp-json\/wp\/v2\/media?parent=171"}],"wp:term":[{"taxonomy":"product_brand","embeddable":true,"href":"https:\/\/futurwave.shop\/de\/wp-json\/wp\/v2\/product_brand?post=171"},{"taxonomy":"product_cat","embeddable":true,"href":"https:\/\/futurwave.shop\/de\/wp-json\/wp\/v2\/product_cat?post=171"},{"taxonomy":"product_tag","embeddable":true,"href":"https:\/\/futurwave.shop\/de\/wp-json\/wp\/v2\/product_tag?post=171"}],"curies":[{"name":"wp","href":"https:\/\/api.w.org\/{rel}","templated":true}]}}