{"id":287,"date":"2025-06-16T17:01:23","date_gmt":"2025-06-16T15:01:23","guid":{"rendered":"https:\/\/futurwave.local\/?page_id=287"},"modified":"2026-04-05T21:36:19","modified_gmt":"2026-04-05T19:36:19","slug":"about","status":"publish","type":"page","link":"https:\/\/futurwave.shop\/en\/over\/","title":{"rendered":"About"},"content":{"rendered":"","protected":false},"excerpt":{"rendered":"","protected":false},"author":1,"featured_media":0,"parent":0,"menu_order":0,"comment_status":"closed","ping_status":"closed","template":"","meta":{"_seopress_robots_primary_cat":"","_seopress_titles_title":"Over FuturWave - Offici\u00eble eFoil dealer in Belgi\u00eb & Nederland","_seopress_titles_desc":"Ontdek FuturWave, d\u00e9 eFoil shop in Europa. Test of koop je SiFly eFoil met persoonlijk advies, showroom in Pelt en testlocaties in Belgi\u00eb & Nederland.","_seopress_robots_index":"","footnotes":""},"class_list":["post-287","page","type-page","status-publish","hentry"],"_links":{"self":[{"href":"https:\/\/futurwave.shop\/en\/wp-json\/wp\/v2\/pages\/287","targetHints":{"allow":["GET"]}}],"collection":[{"href":"https:\/\/futurwave.shop\/en\/wp-json\/wp\/v2\/pages"}],"about":[{"href":"https:\/\/futurwave.shop\/en\/wp-json\/wp\/v2\/types\/page"}],"author":[{"embeddable":true,"href":"https:\/\/futurwave.shop\/en\/wp-json\/wp\/v2\/users\/1"}],"replies":[{"embeddable":true,"href":"https:\/\/futurwave.shop\/en\/wp-json\/wp\/v2\/comments?post=287"}],"version-history":[{"count":43,"href":"https:\/\/futurwave.shop\/en\/wp-json\/wp\/v2\/pages\/287\/revisions"}],"predecessor-version":[{"id":3267,"href":"https:\/\/futurwave.shop\/en\/wp-json\/wp\/v2\/pages\/287\/revisions\/3267"}],"wp:attachment":[{"href":"https:\/\/futurwave.shop\/en\/wp-json\/wp\/v2\/media?parent=287"}],"curies":[{"name":"wp","href":"https:\/\/api.w.org\/{rel}","templated":true}]}}