{"id":1473,"date":"2025-06-26T11:52:12","date_gmt":"2025-06-26T09:52:12","guid":{"rendered":"https:\/\/futurwave.local\/?post_type=product&#038;p=1473"},"modified":"2026-04-12T09:47:59","modified_gmt":"2026-04-12T07:47:59","slug":"sifly-lite-plus","status":"publish","type":"product","link":"https:\/\/futurwave.shop\/fr\/product\/sifly-lite-plus\/","title":{"rendered":"SiFly Lite"},"content":{"rendered":"<h2>eFoil gonflable avec une stabilit\u00e9 accrue gr\u00e2ce \u00e0 son volume de 170L<\/h2>\n<p>&nbsp;<\/p>\n<p class=\"p1\">Le <span class=\"s1\">SiFly Lite<\/span> est la solution eFoil ultime pour les familles, les propri\u00e9taires et les d\u00e9butants \u00e0 la recherche de <span class=\"s1\">stabilit\u00e9, s\u00e9curit\u00e9 et commodit\u00e9 maximales<\/span>. Avec un volume impressionnant de <span class=\"s1\">170 litres<\/span> cette planche offre encore plus de flottabilit\u00e9 que la SiFly Lite standard, ce qui permet aux riders les plus lourds ou les plus nerveux de s'initier \u00e0 l'eFoil en toute s\u00e9r\u00e9nit\u00e9. Comme son petit fr\u00e8re, la Lite+ est fabriqu\u00e9e en <span class=\"s1\">PVC gonflable de haute qualit\u00e9<\/span>, ce qui se traduit par une combinaison de <span class=\"s1\">durabilit\u00e9, confort et simplicit\u00e9 dans les transports<\/span>. La planche ne p\u00e8se que <span class=\"s1\">33 kg<\/span> et se range sans effort dans un coffre, un bateau ou un camping-car - id\u00e9al pour les aventures nautiques spontan\u00e9es.<\/p>\n<p class=\"p1\">Le <span class=\"s1\">capote souple, absorbant les chocs<\/span> permet aux novices ou aux enfants de s'entra\u00eener en toute s\u00e9curit\u00e9, sans risque de choc violent en cas de chute. Gr\u00e2ce \u00e0 son design intuitif et \u00e0 son outline large, la planche offre une grande libert\u00e9 de mouvement. <span class=\"s1\">plate-forme tr\u00e8s stable<\/span>La SiFly Lite+ est donc parfaite pour prendre confiance en soi sur l'eau. Malgr\u00e9 son accessibilit\u00e9, le SiFly Lite+ n'est pas une b\u00eate de somme : avec des vitesses allant jusqu'\u00e0 <span class=\"s1\">45 km\/h<\/span> et un <span class=\"s1\">autonomie de la batterie jusqu'\u00e0 120 minutes<\/span> par session, cette planche est \u00e9galement performante pour ceux qui recherchent plus de challenge.<\/p>\n<p>&nbsp;<\/p>\n<p>&nbsp;<\/p>\n<p>&nbsp;<\/p>\n<h3>Pourquoi choisir le SiFly Lite+ ?<\/h3>\n<p>&nbsp;<\/p>\n<div class=\"spec-item\"><span class=\"s1\">-Id\u00e9al pour les familles, la location de yachts ou les centres de location avec de jeunes participants<\/span><\/div>\n<div>-L'eFoil le plus s\u00fbr de la gamme SiFly : l\u00e9ger, gonflable et puissant.<\/div>\n<div>Facile \u00e0 emporter \u00e0 la plage, sur le bateau ou dans le camping-car<\/div>\n<div class=\"spec-item\">-Volume de 170 litres = extr\u00eamement stable, m\u00eame pour les plus grands ou les d\u00e9butants incertains<\/div>\n<div>-Convient aux enfants de \u00b112 ans (sous surveillance)<\/div>\n<p>&nbsp;<\/p>\n<div class=\"spec-item\"><strong>Public cible :<\/strong> Priv\u00e9 + Commercial<\/div>\n<div><strong>Poids du cavalier :<\/strong> 30-150 kg<\/div>\n<div><strong>Batterie :<\/strong> Powercell LR 2,3 KWh \/ 44,8 Ah<\/div>\n<div class=\"spec-item\"><strong>Comprend :<\/strong> Planche + M\u00e2t V3 75 cm + Ailes + T\u00e9l\u00e9commande + Batterie + Chargeur rapide + Boardbags<\/div>\n<div><strong>Exclusif :<\/strong> Roues du rover lunaire<\/div>\n<p>&nbsp;<\/p>\n<p>&nbsp;<\/p>\n<div><i style=\"opacity: 0.4;\">L'am\u00e9lioration constante des produits peut entra\u00eener de l\u00e9g\u00e8res diff\u00e9rences entre les images pr\u00e9sent\u00e9es et le produit final.<\/i><\/div>","protected":false},"excerpt":{"rendered":"<div class=\"specs-list\">\n<div class=\"spec-item\"><strong>Volume :<\/strong> 170 litres<\/div>\n<div><strong>Taille :<\/strong> 200 x 75 cm (33 kg)<\/div>\n<div><strong>Niveau de comp\u00e9tence :<\/strong> D\u00e9butant<\/div>\n<div class=\"spec-item\"><strong>Construction :<\/strong> Planche gonflable en PVC + m\u00e2t en aluminium<\/div>\n<div><strong>Aile :<\/strong> Carbone<\/div>\n<\/div>","protected":false},"featured_media":1472,"template":"","meta":{"_seopress_robots_primary_cat":"none","_seopress_titles_title":"SiFly Lite+ eFoil - Opblaasbare eFoil met extra stabiliteit","_seopress_titles_desc":"Opblaasbare eFoil 170L volume voor extra drijfvermogen. Licht, duurzaam & ontworpen voor gezinnen, verhuur & relaxte sessies. Tot 120 min varen.","_seopress_robots_index":""},"product_brand":[],"product_cat":[16],"product_tag":[],"class_list":{"0":"post-1473","1":"product","2":"type-product","3":"status-publish","4":"has-post-thumbnail","6":"product_cat-efoils","7":"product_shipping_class-verzending-xl","9":"first","10":"instock","11":"taxable","12":"shipping-taxable","13":"purchasable","14":"product-type-variable"},"_links":{"self":[{"href":"https:\/\/futurwave.shop\/fr\/wp-json\/wp\/v2\/product\/1473","targetHints":{"allow":["GET"]}}],"collection":[{"href":"https:\/\/futurwave.shop\/fr\/wp-json\/wp\/v2\/product"}],"about":[{"href":"https:\/\/futurwave.shop\/fr\/wp-json\/wp\/v2\/types\/product"}],"version-history":[{"count":7,"href":"https:\/\/futurwave.shop\/fr\/wp-json\/wp\/v2\/product\/1473\/revisions"}],"predecessor-version":[{"id":3303,"href":"https:\/\/futurwave.shop\/fr\/wp-json\/wp\/v2\/product\/1473\/revisions\/3303"}],"wp:featuredmedia":[{"embeddable":true,"href":"https:\/\/futurwave.shop\/fr\/wp-json\/wp\/v2\/media\/1472"}],"wp:attachment":[{"href":"https:\/\/futurwave.shop\/fr\/wp-json\/wp\/v2\/media?parent=1473"}],"wp:term":[{"taxonomy":"product_brand","embeddable":true,"href":"https:\/\/futurwave.shop\/fr\/wp-json\/wp\/v2\/product_brand?post=1473"},{"taxonomy":"product_cat","embeddable":true,"href":"https:\/\/futurwave.shop\/fr\/wp-json\/wp\/v2\/product_cat?post=1473"},{"taxonomy":"product_tag","embeddable":true,"href":"https:\/\/futurwave.shop\/fr\/wp-json\/wp\/v2\/product_tag?post=1473"}],"curies":[{"name":"wp","href":"https:\/\/api.w.org\/{rel}","templated":true}]}}