{"id":1515,"date":"2025-06-26T15:24:17","date_gmt":"2025-06-26T13:24:17","guid":{"rendered":"https:\/\/futurwave.local\/?post_type=product&#038;p=1515"},"modified":"2026-04-11T10:12:21","modified_gmt":"2026-04-11T08:12:21","slug":"sifly-stellar-s","status":"publish","type":"product","link":"https:\/\/futurwave.shop\/fr\/product\/sifly-stellar-s\/","title":{"rendered":"SiFly Stellar S"},"content":{"rendered":"<h2 class=\"p1\">L'eFoil haut de gamme pour des performances dynamiques et un carving ultime<\/h2>\n<p>&nbsp;<\/p>\n<p class=\"p1\">Pour les vrais amateurs d'eFoil qui ne veulent pas faire de compromis : la <span class=\"s1\">SiFly Stellar S<\/span> est un chef-d'\u0153uvre de design hydrodynamique et de performance. Cette planche haute performance est le nec plus ultra en mati\u00e8re de man\u0153uvrabilit\u00e9, de contr\u00f4le et de pr\u00e9cision. <span class=\"s1\">cavaliers avanc\u00e9s \u00e0 experts<\/span> qui souhaitent tirer le meilleur parti de leurs sessions. Avec son <span class=\"s1\">toute nouvelle construction en fibre de carbone<\/span> la Stellar S est plus l\u00e9g\u00e8re et plus rigide que jamais. Gr\u00e2ce \u00e0 la <span class=\"s1\">r\u00e9duction du poids de la balan\u00e7oire<\/span> la planche r\u00e9agit \u00e0 la vitesse de l'\u00e9clair \u00e0 vos sollicitations, rendant vos virages tr\u00e8s pr\u00e9cis et vous permettant de jouer encore plus pr\u00e8s de l'eau - id\u00e9al pour le carving et le foiling dynamique. La planche <span class=\"s1\">pied de m\u00e2t int\u00e9gr\u00e9<\/span> et la forme redessin\u00e9e de la planche r\u00e9duisent la tra\u00een\u00e9e lors des \"touchdowns\" (lorsque la planche touche bri\u00e8vement l'eau), ce qui vous permet de naviguer plus doucement sans vous arr\u00eater brusquement. Ce raffinement facilite la navigation. <span class=\"s1\">s'entra\u00eener \u00e0 de nouvelles man\u0153uvres<\/span>Le r\u00e9sultat est une plus grande ma\u00eetrise et moins de frustration.<\/p>\n<p>Ce qui rend la Stellar S vraiment sp\u00e9ciale, c'est son <span class=\"s1\">Construction en carbone visible<\/span>. Il ne s'agit pas d'un simple gadget - la construction l\u00e9g\u00e8re en carbone r\u00e9duit le poids total de la planche et est plus rigide, ce qui garantit une meilleure stabilit\u00e9.<span class=\"s1\">\u00a0des virages plus serr\u00e9s et un meilleur contr\u00f4le \u00e0 grande vitesse<\/span>. Ainsi, chaque session est serr\u00e9e, directe et confiante, que vous fassiez du foil sur un plan d'eau plat ou que vous affrontiez un l\u00e9ger clapot. Que vous souhaitiez faire des sessions plus longues, affiner vos virages ou que vous soyez simplement \u00e0 la recherche d'une exp\u00e9rience de premier ordre avec un contr\u00f4le suppl\u00e9mentaire : la <span class=\"s1\">SiFly Stellar S<\/span> est l'eFoil qui grandit avec vous.<\/p>\n<p>&nbsp;<\/p>\n<h3>Pourquoi choisir le SiFly Stellar S ?<\/h3>\n<p>&nbsp;<\/p>\n<div class=\"spec-item\"><span class=\"s1\">-Construction de la planche en carbone : plus l\u00e9g\u00e8re, plus rigide et plus r\u00e9active<\/span><\/div>\n<div>-Finition et design haut de gamme : con\u00e7us pour des performances et une apparence optimales<\/div>\n<div>-Conception l\u00e9g\u00e8re pour un meilleur contr\u00f4le lors de la sculpture<\/div>\n<div>-L'eFoil id\u00e9al pour les d\u00e9butants avanc\u00e9s et les pilotes exp\u00e9riment\u00e9s.<\/div>\n<div>-Une planche parfaite pour des performances dynamiques : contr\u00f4le absolu, vitesse et libert\u00e9<\/div>\n<p>&nbsp;<\/p>\n<div class=\"spec-item\"><strong>Public cible :<\/strong> Priv\u00e9 + \"Commercial<\/div>\n<div><strong>Poids du cavalier :<\/strong> 30-130 kg<\/div>\n<div><strong>Batterie :<\/strong> Powercell LR 2,3 KWh \/ 44,8 Ah<\/div>\n<div class=\"spec-item\"><strong>Comprend :<\/strong> Planche + M\u00e2t V3 75 cm + Ailes + T\u00e9l\u00e9commande + Batterie + Chargeur rapide + Boardbags<\/div>\n<div><strong>Exclusif :<\/strong> Roues du rover lunaire<\/div>\n<p>&nbsp;<\/p>\n<p>&nbsp;<\/p>\n<div><i style=\"opacity: 0.4;\">L'am\u00e9lioration constante des produits peut entra\u00eener de l\u00e9g\u00e8res diff\u00e9rences entre les images pr\u00e9sent\u00e9es et le produit final.<\/i><\/div>","protected":false},"excerpt":{"rendered":"<div class=\"specs-list\">\n<div class=\"spec-item\"><strong>Volume :<\/strong> 98 litres<\/div>\n<div><strong>Taille :<\/strong> 161 x 66 cm (32 kg)<\/div>\n<div><strong>Niveau de comp\u00e9tence :<\/strong> Moyenne - Avanc\u00e9e<\/div>\n<div class=\"spec-item\"><strong>Construction :<\/strong> Planche en carbone + m\u00e2t en aluminium<\/div>\n<div><strong>Aile :<\/strong> Carbone<\/div>\n<\/div>","protected":false},"featured_media":1186,"template":"","meta":{"_seopress_robots_primary_cat":"none","_seopress_titles_title":"SiFly Stellar S eFoil - Premium eFoil voor ultieme carving","_seopress_titles_desc":"De Stellar S is een premium eFoil voor wie prestaties op topniveau zoekt. Verlaagd gewicht, carbon body en perfecte carving. Voor gevorderde riders.","_seopress_robots_index":""},"product_brand":[],"product_cat":[16],"product_tag":[],"class_list":{"0":"post-1515","1":"product","2":"type-product","3":"status-publish","4":"has-post-thumbnail","6":"product_cat-efoils","7":"product_shipping_class-verzending-xl","9":"first","10":"instock","11":"taxable","12":"shipping-taxable","13":"purchasable","14":"product-type-variable"},"_links":{"self":[{"href":"https:\/\/futurwave.shop\/fr\/wp-json\/wp\/v2\/product\/1515","targetHints":{"allow":["GET"]}}],"collection":[{"href":"https:\/\/futurwave.shop\/fr\/wp-json\/wp\/v2\/product"}],"about":[{"href":"https:\/\/futurwave.shop\/fr\/wp-json\/wp\/v2\/types\/product"}],"version-history":[{"count":6,"href":"https:\/\/futurwave.shop\/fr\/wp-json\/wp\/v2\/product\/1515\/revisions"}],"predecessor-version":[{"id":1520,"href":"https:\/\/futurwave.shop\/fr\/wp-json\/wp\/v2\/product\/1515\/revisions\/1520"}],"wp:featuredmedia":[{"embeddable":true,"href":"https:\/\/futurwave.shop\/fr\/wp-json\/wp\/v2\/media\/1186"}],"wp:attachment":[{"href":"https:\/\/futurwave.shop\/fr\/wp-json\/wp\/v2\/media?parent=1515"}],"wp:term":[{"taxonomy":"product_brand","embeddable":true,"href":"https:\/\/futurwave.shop\/fr\/wp-json\/wp\/v2\/product_brand?post=1515"},{"taxonomy":"product_cat","embeddable":true,"href":"https:\/\/futurwave.shop\/fr\/wp-json\/wp\/v2\/product_cat?post=1515"},{"taxonomy":"product_tag","embeddable":true,"href":"https:\/\/futurwave.shop\/fr\/wp-json\/wp\/v2\/product_tag?post=1515"}],"curies":[{"name":"wp","href":"https:\/\/api.w.org\/{rel}","templated":true}]}}