{"id":1522,"date":"2025-06-26T15:42:46","date_gmt":"2025-06-26T13:42:46","guid":{"rendered":"https:\/\/futurwave.local\/?post_type=product&#038;p=1522"},"modified":"2026-03-20T21:39:59","modified_gmt":"2026-03-20T20:39:59","slug":"sifly-stellar-x","status":"publish","type":"product","link":"https:\/\/futurwave.shop\/fr\/product\/sifly-stellar-x\/","title":{"rendered":"SiFly Stellar X"},"content":{"rendered":"<h2 class=\"p1\">L'eFoil carve : des performances pures et une sculpture magistrale<\/h2>\n<p>&nbsp;<\/p>\n<p class=\"p1\">Le <span class=\"s1\">SiFly Stellar X<\/span> est la planche la plus agressive et la plus performante de la gamme SiFly. Cette eFoil de pure performance est con\u00e7ue pour les riders qui recherchent un contr\u00f4le ultime, une r\u00e9ponse rapide comme l'\u00e9clair et une man\u0153uvrabilit\u00e9 sans compromis sur l'eau. Avec son <span class=\"s1\">taille ultra-compacte<\/span> et <span class=\"s1\">construction enti\u00e8rement en carbone<\/span> la Stellar X est exceptionnellement l\u00e9g\u00e8re et rigide. Chaque gramme de poids est optimis\u00e9 pour la pr\u00e9cision - que vous fassiez des carves serr\u00e9s, attrapiez des vagues ou ex\u00e9cutiez des figures techniques. La <span class=\"s1\">distribution de la masse centrale<\/span> assure un comportement direct de la direction et un \u00e9quilibre parfait, m\u00eame \u00e0 des angles extr\u00eames ou lors de coupes agressives.<\/p>\n<p class=\"p1\">Le <span class=\"s1\">forme avanc\u00e9e de la coque<\/span> rend \u00e9galement cette eFoil \u00e9tonnamment indulgente sur les touchdowns. Gr\u00e2ce au rocker progressif, vous ne plongez pas vers l'avant, mais vous revenez sur l'eau en douceur. Combinez cela avec un <span class=\"s1\">Transition douce d'un bord \u00e0 l'autre<\/span> et vous obtenez un ride qui n'est pas seulement rapide, mais aussi intuitif - comme si la planche \u00e9tait attach\u00e9e \u00e0 vos pieds. Ce n'est pas n'importe quelle eFoil. C'est la planche pour les riders qui n'acceptent aucune limite et qui veulent une belle planche dynamique pour des performances de haut niveau.<\/p>\n<p>&nbsp;<\/p>\n<h3>Pourquoi choisir le SiFly Stellar X ?<\/h3>\n<p>&nbsp;<\/p>\n<div class=\"spec-item\"><span class=\"s1\">-Construction de la planche en carbone : plus l\u00e9g\u00e8re, plus rigide et plus r\u00e9active<\/span><\/div>\n<div>-Finition et design haut de gamme : con\u00e7us pour des performances et une apparence optimales<\/div>\n<div>-Conception l\u00e9g\u00e8re pour un meilleur contr\u00f4le lors de la sculpture<\/div>\n<div>-L'eFoil id\u00e9al pour les riders exp\u00e9riment\u00e9s et les pros qui recherchent la performance pure.<\/div>\n<div>-Planche parfaite pour les riders qui veulent sculpter de fa\u00e7on magistrale<\/div>\n<p>&nbsp;<\/p>\n<div class=\"spec-item\"><strong>Public cible :<\/strong> Priv\u00e9<\/div>\n<div><strong>Poids du cavalier :<\/strong> 40-100 kg<\/div>\n<div><strong>Batterie :<\/strong> Powercell LR 2,3 KWh \/ 44,8 Ah<\/div>\n<div class=\"spec-item\"><strong>Comprend :<\/strong> Planche + M\u00e2t V3 75 cm + Ailes + T\u00e9l\u00e9commande + Batterie + Chargeur rapide + Boardbags<\/div>\n<div><strong>Exclusif :<\/strong> Roues du rover lunaire<\/div>\n<p>&nbsp;<\/p>\n<p>&nbsp;<\/p>\n<div><i style=\"opacity: 0.4;\">L'am\u00e9lioration constante des produits peut entra\u00eener de l\u00e9g\u00e8res diff\u00e9rences entre les images pr\u00e9sent\u00e9es et le produit final.<\/i><\/div>","protected":false},"excerpt":{"rendered":"<div class=\"specs-list\">\n<div class=\"spec-item\"><strong>Volume :<\/strong> 75 litres<\/div>\n<div><strong>Taille :<\/strong> 142 x 64 cm (32 kg)<\/div>\n<div><strong>Niveau de comp\u00e9tence :<\/strong> Avanc\u00e9<\/div>\n<div class=\"spec-item\"><strong>Construction :<\/strong> Planche en carbone + m\u00e2t en aluminium<\/div>\n<div><strong>Aile :<\/strong> Carbone<\/div>\n<\/div>","protected":false},"featured_media":1188,"template":"","meta":{"_seopress_robots_primary_cat":"none","_seopress_titles_title":"SiFly Stellar X eFoil - Carve eFoil voor maximale controle","_seopress_titles_desc":"De Stellar X is de carve eFoil voor riders die topprestaties eisen. Klein, responsief & gebouwd voor scherpe bochten, golfrijden & ultieme precisie.","_seopress_robots_index":""},"product_brand":[],"product_cat":[16],"product_tag":[],"class_list":{"0":"post-1522","1":"product","2":"type-product","3":"status-publish","4":"has-post-thumbnail","6":"product_cat-efoils","7":"product_shipping_class-verzending-xl","9":"first","10":"instock","11":"taxable","12":"shipping-taxable","13":"purchasable","14":"product-type-variable"},"_links":{"self":[{"href":"https:\/\/futurwave.shop\/fr\/wp-json\/wp\/v2\/product\/1522","targetHints":{"allow":["GET"]}}],"collection":[{"href":"https:\/\/futurwave.shop\/fr\/wp-json\/wp\/v2\/product"}],"about":[{"href":"https:\/\/futurwave.shop\/fr\/wp-json\/wp\/v2\/types\/product"}],"version-history":[{"count":4,"href":"https:\/\/futurwave.shop\/fr\/wp-json\/wp\/v2\/product\/1522\/revisions"}],"predecessor-version":[{"id":3054,"href":"https:\/\/futurwave.shop\/fr\/wp-json\/wp\/v2\/product\/1522\/revisions\/3054"}],"wp:featuredmedia":[{"embeddable":true,"href":"https:\/\/futurwave.shop\/fr\/wp-json\/wp\/v2\/media\/1188"}],"wp:attachment":[{"href":"https:\/\/futurwave.shop\/fr\/wp-json\/wp\/v2\/media?parent=1522"}],"wp:term":[{"taxonomy":"product_brand","embeddable":true,"href":"https:\/\/futurwave.shop\/fr\/wp-json\/wp\/v2\/product_brand?post=1522"},{"taxonomy":"product_cat","embeddable":true,"href":"https:\/\/futurwave.shop\/fr\/wp-json\/wp\/v2\/product_cat?post=1522"},{"taxonomy":"product_tag","embeddable":true,"href":"https:\/\/futurwave.shop\/fr\/wp-json\/wp\/v2\/product_tag?post=1522"}],"curies":[{"name":"wp","href":"https:\/\/api.w.org\/{rel}","templated":true}]}}