{"id":1544,"date":"2025-06-26T22:57:24","date_gmt":"2025-06-26T20:57:24","guid":{"rendered":"https:\/\/futurwave.local\/?post_type=product&#038;p=1544"},"modified":"2026-04-11T20:36:22","modified_gmt":"2026-04-11T18:36:22","slug":"sifly-floaty","status":"publish","type":"product","link":"https:\/\/futurwave.shop\/fr\/product\/sifly-floaty\/","title":{"rendered":"SiFly Floaty"},"content":{"rendered":"<h2 class=\"p1\">Apprenez \u00e0 faire de l'eFoiling en toute s\u00e9curit\u00e9 avec le SiFly Floaty - l'am\u00e9lioration parfaite pour les d\u00e9butants.<\/h2>\n<p>&nbsp;<\/p>\n<p class=\"p2\">Le <span class=\"s1\">SiFly Floaty<\/span> est une coque gonflable pour votre planche eFoil qui ajoute de la flottabilit\u00e9 et de la stabilit\u00e9. Id\u00e9al pour les d\u00e9butants, les familles et les locations : vous n'avez pas besoin d'acheter une nouvelle planche, mais vous pouvez prendre confiance en votre planche existante d\u00e8s le premier jour. L'augmentation du volume rend l'\u00e9quilibre plus facile, les chutes moins excitantes et l'apprentissage beaucoup plus accessible.<\/p>\n<p class=\"p2\">Avec le Floaty, vous pouvez \u00e9galement transformer votre eFoil sportif en un bateau de croisi\u00e8re confortable. Id\u00e9al pour une croisi\u00e8re plus calme, multifonctionnel et partageable. L'installation est facile et l'impact est important : plus de confort, plus de plaisir et plus de possibilit\u00e9s pour les jeunes et les moins jeunes. Avec le SiFly Floaty, votre eFoil ne se contente pas d'\u00eatre utilis\u00e9 en solo. Profitez de s\u00e9ances de d\u00e9tente sur l'eau avec vos amis, votre famille ou m\u00eame votre animal de compagnie. L'ext\u00e9rieur souple et gonflable garantit une navigation s\u00fbre et stable sans endommager la planche d'origine.<\/p>\n<p>&nbsp;<\/p>\n<h3>Pourquoi choisir le SiFly Floaty ?<\/h3>\n<p>&nbsp;<\/p>\n<div class=\"spec-item\"><span class=\"s1\">-L'accessoire parfait pour les d\u00e9butants qui veulent apprendre \u00e0 faire de l'eFoil<\/span><\/div>\n<div>-Aucune nouvelle carte n'est n\u00e9cessaire<\/div>\n<div>-S\u00fbr et adapt\u00e9 aux enfants gr\u00e2ce \u00e0 la couche ext\u00e9rieure gonflable souple<\/div>\n<div class=\"spec-item\">-Polyvalence : transformez votre eFoil de performance en une planche polyvalente.<\/div>\n<div>-Installation et transport faciles<\/div>\n<p>&nbsp;<\/p>\n<div><strong>Compatible :<\/strong> SiFly-E, Rider, Rider+, Stellar R, Stellar S<\/div>\n<div class=\"spec-item\"><strong>Comprend :<\/strong> Flotteur + sac \u00e0 dos + sac de rangement en filet + pompe<\/div>\n<div><strong>Exclusif :<\/strong> Planche, m\u00e2t, batterie, ailes<\/div>\n<p>&nbsp;<\/p>\n<p>&nbsp;<\/p>\n<div><i style=\"opacity: 0.4;\">L'am\u00e9lioration constante des produits peut entra\u00eener de l\u00e9g\u00e8res diff\u00e9rences entre les images pr\u00e9sent\u00e9es et le produit final.<\/i><\/div>","protected":false},"excerpt":{"rendered":"<div class=\"specs-list\">\n<div class=\"spec-item\"><strong>Volume :<\/strong> 3 dimensions<\/div>\n<div><strong>Taille :<\/strong> \/<\/div>\n<div><strong>Niveau de comp\u00e9tence :<\/strong> D\u00e9butants<\/div>\n<div class=\"spec-item\"><strong>Construction :<\/strong> PVC gonflable<\/div>\n<\/div>","protected":false},"featured_media":1549,"template":"","meta":{"_seopress_robots_primary_cat":"none","_seopress_titles_title":"SiFly Floaty - Opblaasbare beginners-upgrade voor je eFoil","_seopress_titles_desc":"Meer stabiliteit & veiligheid op je eFoil met de SiFly Floaty. Perfect voor beginners, gezinnen en verhuur. Leer eFoilen met vertrouwen en plezier!","_seopress_robots_index":""},"product_brand":[],"product_cat":[17],"product_tag":[],"class_list":{"0":"post-1544","1":"product","2":"type-product","3":"status-publish","4":"has-post-thumbnail","6":"product_cat-efoil-accessoires","7":"product_shipping_class-verzending-s","9":"first","10":"instock","11":"taxable","12":"shipping-taxable","13":"purchasable","14":"product-type-variable"},"_links":{"self":[{"href":"https:\/\/futurwave.shop\/fr\/wp-json\/wp\/v2\/product\/1544","targetHints":{"allow":["GET"]}}],"collection":[{"href":"https:\/\/futurwave.shop\/fr\/wp-json\/wp\/v2\/product"}],"about":[{"href":"https:\/\/futurwave.shop\/fr\/wp-json\/wp\/v2\/types\/product"}],"version-history":[{"count":6,"href":"https:\/\/futurwave.shop\/fr\/wp-json\/wp\/v2\/product\/1544\/revisions"}],"predecessor-version":[{"id":1550,"href":"https:\/\/futurwave.shop\/fr\/wp-json\/wp\/v2\/product\/1544\/revisions\/1550"}],"wp:featuredmedia":[{"embeddable":true,"href":"https:\/\/futurwave.shop\/fr\/wp-json\/wp\/v2\/media\/1549"}],"wp:attachment":[{"href":"https:\/\/futurwave.shop\/fr\/wp-json\/wp\/v2\/media?parent=1544"}],"wp:term":[{"taxonomy":"product_brand","embeddable":true,"href":"https:\/\/futurwave.shop\/fr\/wp-json\/wp\/v2\/product_brand?post=1544"},{"taxonomy":"product_cat","embeddable":true,"href":"https:\/\/futurwave.shop\/fr\/wp-json\/wp\/v2\/product_cat?post=1544"},{"taxonomy":"product_tag","embeddable":true,"href":"https:\/\/futurwave.shop\/fr\/wp-json\/wp\/v2\/product_tag?post=1544"}],"curies":[{"name":"wp","href":"https:\/\/api.w.org\/{rel}","templated":true}]}}