{"id":1552,"date":"2025-06-27T18:26:43","date_gmt":"2025-06-27T16:26:43","guid":{"rendered":"https:\/\/futurwave.local\/?post_type=product&#038;p=1552"},"modified":"2026-03-20T20:29:27","modified_gmt":"2026-03-20T19:29:27","slug":"helice-de-jet-sifly","status":"publish","type":"product","link":"https:\/\/futurwave.shop\/fr\/product\/sifly-jet-propeller\/","title":{"rendered":"SiFly Jet-Propeller"},"content":{"rendered":"<h2 class=\"p1\">Le Jet-Propeller SiFly - un eFoiling s\u00fbr, souple et efficace<\/h2>\n<p>&nbsp;<\/p>\n<p class=\"p1\">Faites passer votre exp\u00e9rience eFoil au niveau sup\u00e9rieur avec le <span class=\"s1\">H\u00e9lice SiFly Jet<\/span>Le moteur \u00e0 r\u00e9action est l'accessoire ultime pour ceux qui veulent combiner la s\u00e9curit\u00e9, le contr\u00f4le et la performance. Gr\u00e2ce au moteur \u00e0 r\u00e9action enti\u00e8rement blind\u00e9, vous b\u00e9n\u00e9ficierez d'une acc\u00e9l\u00e9ration silencieuse et r\u00e9active, sans aucune pi\u00e8ce expos\u00e9e. Id\u00e9al pour les familles, les d\u00e9butants et les pilotes exp\u00e9riment\u00e9s \u00e0 la recherche d'une conduite raffin\u00e9e et s\u00fbre.<\/p>\n<p class=\"p1\">Contrairement aux h\u00e9lices traditionnelles, le syst\u00e8me de jet fournit une <span class=\"s1\">acc\u00e9l\u00e9ration progressive et contr\u00f4l\u00e9e<\/span>Ce qui rend le d\u00e9collage plus facile et plus confortable. De plus, ce jet est con\u00e7u pour <span class=\"s1\">maintenir l'efficacit\u00e9<\/span>Vous pouvez donc profiter de longues sessions sur l'eau sans vous soucier de la dur\u00e9e de vie de la batterie. Que vous fassiez de la croisi\u00e8re ou des man\u0153uvres techniques, l'h\u00e9lice SiFly Jet offre des performances stables avec moins de tra\u00een\u00e9e et plus de confiance.<\/p>\n<p>&nbsp;<\/p>\n<p>&nbsp;<\/p>\n<h3>Pourquoi choisir le Jet-Propeller SiFly ?<\/h3>\n<p>&nbsp;<\/p>\n<div class=\"spec-item\"><span class=\"s1\">-S\u00e9curit\u00e9 maximale gr\u00e2ce \u00e0 un syst\u00e8me blind\u00e9<\/span><\/div>\n<div>-Acc\u00e9l\u00e9ration plus douce pour des d\u00e9collages contr\u00f4l\u00e9s<\/div>\n<div>-Conception \u00e9conome en \u00e9nergie<\/div>\n<div class=\"spec-item\">-Une navigation plus silencieuse : moins de bruit et plus d'exp\u00e9rience de la nature<\/div>\n<div>-Compatible avec les mod\u00e8les SiFly eFoil actuels<\/div>\n<p>&nbsp;<\/p>\n<div><strong>Compatible :<\/strong> M\u00e2t V3<\/div>\n<div class=\"spec-item\"><strong>Comprend :<\/strong> H\u00e9lice de jet, pr\u00eate \u00e0 \u00eatre fix\u00e9e au m\u00e2t<\/div>\n<div><strong>Exclusif :<\/strong> Planche, m\u00e2t, batterie, ailes<\/div>\n<p>&nbsp;<\/p>\n<p>&nbsp;<\/p>\n<div><i style=\"opacity: 0.4;\">L'am\u00e9lioration constante des produits peut entra\u00eener de l\u00e9g\u00e8res diff\u00e9rences entre les images pr\u00e9sent\u00e9es et le produit final.<\/i><\/div>","protected":false},"excerpt":{"rendered":"<div class=\"specs-list\">\n<div><strong>Niveau de comp\u00e9tence :<\/strong> D\u00e9butants - Avanc\u00e9s<\/div>\n<div class=\"spec-item\"><strong>Construction :<\/strong> PVC<\/div>\n<\/div>","protected":false},"featured_media":1556,"template":"","meta":{"_seopress_robots_primary_cat":"none","_seopress_titles_title":"SiFly Jet Propeller - Veilig & stil eFoilen","_seopress_titles_desc":"Ontdek de SiFly Jet Propeller: de stille en veilige upgrade voor je eFoil. Ideaal voor gezinnen en beginners, met soepele acceleratie en lange vaartijd.","_seopress_robots_index":""},"product_brand":[],"product_cat":[17],"product_tag":[],"class_list":{"0":"post-1552","1":"product","2":"type-product","3":"status-publish","4":"has-post-thumbnail","6":"product_cat-efoil-accessoires","7":"product_shipping_class-verzending-s","9":"first","10":"instock","11":"taxable","12":"shipping-taxable","13":"purchasable","14":"product-type-variable"},"_links":{"self":[{"href":"https:\/\/futurwave.shop\/fr\/wp-json\/wp\/v2\/product\/1552","targetHints":{"allow":["GET"]}}],"collection":[{"href":"https:\/\/futurwave.shop\/fr\/wp-json\/wp\/v2\/product"}],"about":[{"href":"https:\/\/futurwave.shop\/fr\/wp-json\/wp\/v2\/types\/product"}],"version-history":[{"count":6,"href":"https:\/\/futurwave.shop\/fr\/wp-json\/wp\/v2\/product\/1552\/revisions"}],"predecessor-version":[{"id":3111,"href":"https:\/\/futurwave.shop\/fr\/wp-json\/wp\/v2\/product\/1552\/revisions\/3111"}],"wp:featuredmedia":[{"embeddable":true,"href":"https:\/\/futurwave.shop\/fr\/wp-json\/wp\/v2\/media\/1556"}],"wp:attachment":[{"href":"https:\/\/futurwave.shop\/fr\/wp-json\/wp\/v2\/media?parent=1552"}],"wp:term":[{"taxonomy":"product_brand","embeddable":true,"href":"https:\/\/futurwave.shop\/fr\/wp-json\/wp\/v2\/product_brand?post=1552"},{"taxonomy":"product_cat","embeddable":true,"href":"https:\/\/futurwave.shop\/fr\/wp-json\/wp\/v2\/product_cat?post=1552"},{"taxonomy":"product_tag","embeddable":true,"href":"https:\/\/futurwave.shop\/fr\/wp-json\/wp\/v2\/product_tag?post=1552"}],"curies":[{"name":"wp","href":"https:\/\/api.w.org\/{rel}","templated":true}]}}