{"id":1557,"date":"2025-06-27T18:46:40","date_gmt":"2025-06-27T16:46:40","guid":{"rendered":"https:\/\/futurwave.local\/?post_type=product&#038;p=1557"},"modified":"2026-02-27T11:14:01","modified_gmt":"2026-02-27T10:14:01","slug":"roues-sifly-moon-rover","status":"publish","type":"product","link":"https:\/\/futurwave.shop\/fr\/product\/sifly-moon-rover-wielen\/","title":{"rendered":"Roues SiFly Moon Rover"},"content":{"rendered":"<h2 class=\"p1\">Roues Moon Rover - Transportez sans effort votre eFoil sur n'importe quel terrain<\/h2>\n<p>&nbsp;<\/p>\n<p class=\"p1\">Faites passer votre aventure eFoil \u00e0 la vitesse sup\u00e9rieure avec le <span class=\"s1\">Roues du Moon Rover<\/span>Ces roues sont sp\u00e9cialement con\u00e7ues pour les amateurs de sports nautiques qui souhaitent transporter leur \u00e9quipement en douceur et sans tra\u00eener. Que vous marchiez sur des plages de sable, des galets ou des sentiers de randonn\u00e9e pav\u00e9s, ces roues vous garantissent un d\u00e9placement stable et en douceur. Gr\u00e2ce \u00e0 la <span class=\"s1\">construction l\u00e9g\u00e8re mais robuste<\/span> Gr\u00e2ce \u00e0 son design \u00e9l\u00e9gant, vous pouvez facilement attacher les roues \u00e0 vos sacs de transport eFoil, sans poids suppl\u00e9mentaire ni accessoires g\u00eanants. Parfait pour tous ceux qui souhaitent d\u00e9placer leur eFoil sans effort de la voiture \u00e0 la ligne de flottaison.<\/p>\n<p class=\"p1\">Que vous soyez un foiler passionn\u00e9 ou que vous alliez sur l'eau le week-end, les roues Moon Rover vous offrent confort, gain de temps et facilit\u00e9 d'utilisation.<\/p>\n<p>&nbsp;<\/p>\n<p>&nbsp;<\/p>\n<p>&nbsp;<\/p>\n<h3>Pourquoi choisir Moon Rover Wheels ?<\/h3>\n<p>&nbsp;<\/p>\n<div class=\"spec-item\"><span class=\"s1\">-D\u00e9placement en douceur sur tout type de terrain<\/span><\/div>\n<div>-L\u00e9ger et durable<\/div>\n<div>-Fixation facile : mont\u00e9e sur votre sac eFoil en quelques secondes<\/div>\n<div class=\"spec-item\">-Conception compacte : encombrement minimal<\/div>\n<div>-Con\u00e7u pour les amateurs de sports nautiques<\/div>\n<p>&nbsp;<\/p>\n<div><strong>Compatible :<\/strong> SiFly Boardbags<\/div>\n<div class=\"spec-item\"><strong>Comprend :<\/strong> 2x Roues du Moon Rover<\/div>\n<div><strong>Exclusif :<\/strong> Planche, m\u00e2t, batterie, ailes<\/div>\n<p>&nbsp;<\/p>\n<p>&nbsp;<\/p>\n<div><i style=\"opacity: 0.4;\">L'am\u00e9lioration constante des produits peut entra\u00eener de l\u00e9g\u00e8res diff\u00e9rences entre les images pr\u00e9sent\u00e9es et le produit final.<\/i><\/div>","protected":false},"excerpt":{"rendered":"<div class=\"specs-list\">\n<div><strong>Taille :<\/strong> 33 cm de diam\u00e8tre<\/div>\n<div class=\"spec-item\"><strong>Construction :<\/strong> caoutchouc<\/div>\n<\/div>","protected":false},"featured_media":1560,"template":"","meta":{"_seopress_robots_primary_cat":"none","_seopress_titles_title":"Moon Rover Wielen - eFoil transportoplossings voor elk terrein","_seopress_titles_desc":"Verplaats je eFoil moeiteloos met de Moon Rover Wielen. Perfect voor zand, gras of straatstenen. Lichtgewicht, stevig en eenvoudig te bevestigen aan je eFoil-tas.","_seopress_robots_index":""},"product_brand":[],"product_cat":[17],"product_tag":[],"class_list":{"0":"post-1557","1":"product","2":"type-product","3":"status-publish","4":"has-post-thumbnail","6":"product_cat-efoil-accessoires","7":"product_shipping_class-verzending-s","9":"first","10":"instock","11":"taxable","12":"shipping-taxable","13":"purchasable","14":"product-type-variable"},"_links":{"self":[{"href":"https:\/\/futurwave.shop\/fr\/wp-json\/wp\/v2\/product\/1557","targetHints":{"allow":["GET"]}}],"collection":[{"href":"https:\/\/futurwave.shop\/fr\/wp-json\/wp\/v2\/product"}],"about":[{"href":"https:\/\/futurwave.shop\/fr\/wp-json\/wp\/v2\/types\/product"}],"version-history":[{"count":4,"href":"https:\/\/futurwave.shop\/fr\/wp-json\/wp\/v2\/product\/1557\/revisions"}],"predecessor-version":[{"id":2417,"href":"https:\/\/futurwave.shop\/fr\/wp-json\/wp\/v2\/product\/1557\/revisions\/2417"}],"wp:featuredmedia":[{"embeddable":true,"href":"https:\/\/futurwave.shop\/fr\/wp-json\/wp\/v2\/media\/1560"}],"wp:attachment":[{"href":"https:\/\/futurwave.shop\/fr\/wp-json\/wp\/v2\/media?parent=1557"}],"wp:term":[{"taxonomy":"product_brand","embeddable":true,"href":"https:\/\/futurwave.shop\/fr\/wp-json\/wp\/v2\/product_brand?post=1557"},{"taxonomy":"product_cat","embeddable":true,"href":"https:\/\/futurwave.shop\/fr\/wp-json\/wp\/v2\/product_cat?post=1557"},{"taxonomy":"product_tag","embeddable":true,"href":"https:\/\/futurwave.shop\/fr\/wp-json\/wp\/v2\/product_tag?post=1557"}],"curies":[{"name":"wp","href":"https:\/\/api.w.org\/{rel}","templated":true}]}}