{"id":171,"date":"2025-06-15T18:40:04","date_gmt":"2025-06-15T16:40:04","guid":{"rendered":"https:\/\/futurwave.local\/?post_type=product&#038;p=171"},"modified":"2026-04-12T09:49:31","modified_gmt":"2026-04-12T07:49:31","slug":"cavalier-sifly","status":"publish","type":"product","link":"https:\/\/futurwave.shop\/fr\/product\/sifly-rider\/","title":{"rendered":"SiFly Rider"},"content":{"rendered":"<h2 class=\"p1\">L'eFoil abordable pour tous les surfeurs : agile et stable<\/h2>\n<p>&nbsp;<\/p>\n<p class=\"p1\">Le <span class=\"s1\">SiFly Rider<\/span> est l'id\u00e9al <span class=\"s1\">Carte eFoil<\/span> Pour les surfeurs \u00e0 la recherche d'un <span class=\"s1\">planche de surf \u00e9lectrique abordable, compacte et puissante<\/span>. Ce mod\u00e8le combine <span class=\"s1\">des spectacles accessibles<\/span> avec une construction robuste, ce qui le rend parfait pour les eFoilers novices et les enthousiastes avanc\u00e9s qui cherchent \u00e0 am\u00e9liorer leur technique et leur style. Avec ses <span class=\"s1\">forme compacte de la coque<\/span> le SiFly Rider offre une maniabilit\u00e9 exceptionnelle et une r\u00e9ponse rapide \u00e0 vos mouvements. Gr\u00e2ce \u00e0 la rigidit\u00e9 de la <span class=\"s1\">sous-ch\u00e2ssis en aluminium<\/span> la planche reste stable m\u00eame \u00e0 grande vitesse ou dans les virages serr\u00e9s. Elle est donc id\u00e9ale pour <span class=\"s1\">sculpture agressive<\/span> et des balades contr\u00f4l\u00e9es dans des conditions vari\u00e9es - des lacs calmes \u00e0 la houle l\u00e9g\u00e8re de la mer.<\/p>\n<p class=\"p1\">Ce qui rend le Rider unique, c'est son <span class=\"s1\">r\u00e9cup\u00e9ration rapide d'un touchdown<\/span>. Si vous perdez bri\u00e8vement le contact avec l'eau, la planche se r\u00e9tablit presque imm\u00e9diatement, ce qui vous permet de faire de l'eFoil plus longtemps et de mani\u00e8re plus s\u00fbre. Les d\u00e9butants sont ainsi plus confiants et les riders confirm\u00e9s ont plus d'espace pour exp\u00e9rimenter des figures et des virages. Que vous achetiez une eFoil pour la premi\u00e8re fois ou que vous souhaitiez am\u00e9liorer votre installation existante, la eFoil est la solution id\u00e9ale. <span class=\"s1\">Le SiFly Rider offre des performances s\u00e9rieuses \u00e0 un prix accessible<\/span>. C'est le choix id\u00e9al pour ceux qui veulent profiter de la navigation \u00e9lectronique sans faire de compromis sur la qualit\u00e9 ou le plaisir de naviguer. Le <span class=\"s1\">Double Ride Wing 1000<\/span> est une aile polyvalente qui vous permet de passer du confort au foiling sportif en basculant simplement le bord d'attaque. Fabriqu\u00e9e en aluminium de haute qualit\u00e9, elle offre aux d\u00e9butants comme aux pilotes confirm\u00e9s un m\u00e9lange id\u00e9al de stabilit\u00e9, de maniabilit\u00e9 et de durabilit\u00e9.<\/p>\n<p>&nbsp;<\/p>\n<h3>Pourquoi choisir le SiFly Rider ?<\/h3>\n<p>&nbsp;<\/p>\n<div class=\"spec-item\"><span class=\"s1\">-Compacte et agile, parfaite pour les balades sportives<\/span><\/div>\n<div>-La capote souple et confortable pr\u00e9vient les blessures.<\/div>\n<div>-Carte eFoil abordable sans compromis sur les performances<\/div>\n<div class=\"spec-item\">-Convient aux d\u00e9butants - moyens de tous \u00e2ges<\/div>\n<div>-Facile \u00e0 entretenir et durable<\/div>\n<p>&nbsp;<\/p>\n<div class=\"spec-item\"><strong>Public cible :<\/strong> Priv\u00e9 + Commercial<\/div>\n<div><strong>Poids du cavalier :<\/strong> 30-130 kg<\/div>\n<div><strong>Batterie :<\/strong> Powercell LR 2,3 KWh \/ 44,8 Ah<\/div>\n<div class=\"spec-item\"><strong>Comprend :<\/strong> Planche + M\u00e2t V3 75 cm + Ailes + T\u00e9l\u00e9commande + Batterie + Chargeur rapide<\/div>\n<div><strong>Exclusif :<\/strong> Sacs \u00e0 dos<\/div>\n<p>&nbsp;<\/p>\n<p>&nbsp;<\/p>\n<div><i style=\"opacity: 0.4;\">L'am\u00e9lioration constante des produits peut entra\u00eener de l\u00e9g\u00e8res diff\u00e9rences entre les images pr\u00e9sent\u00e9es et le produit final.<\/i><\/div>","protected":false},"excerpt":{"rendered":"<div class=\"specs-list\">\n<div class=\"spec-item\"><strong>Volume :<\/strong> 110 litres<\/div>\n<div><strong>Taille :<\/strong> 161 x 66 cm (35 kg)<\/div>\n<div><strong>Niveau de comp\u00e9tence :<\/strong> D\u00e9butant - Interm\u00e9diaire<\/div>\n<div class=\"spec-item\"><strong>Construction :<\/strong> Panneau de mousse + m\u00e2t en aluminium<\/div>\n<div><strong>Aile :<\/strong> Aluminium<\/div>\n<\/div>","protected":false},"featured_media":2544,"template":"","meta":{"_seopress_robots_primary_cat":"none","_seopress_titles_title":"SiFly Rider eFoil - Betaalbare eFoil voor elke surfer","_seopress_titles_desc":"Ontdek de SiFly Rider: een compacte, betaalbare eFoil voor wie vlot wil starten met elektrisch surfen. Wendbaar, stabiel en klaar voor jouw eerste rit.","_seopress_robots_index":""},"product_brand":[],"product_cat":[16],"product_tag":[],"class_list":{"0":"post-171","1":"product","2":"type-product","3":"status-publish","4":"has-post-thumbnail","6":"product_cat-efoils","7":"product_shipping_class-verzending-xl","9":"first","10":"onbackorder","11":"taxable","12":"shipping-taxable","13":"purchasable","14":"product-type-variable"},"_links":{"self":[{"href":"https:\/\/futurwave.shop\/fr\/wp-json\/wp\/v2\/product\/171","targetHints":{"allow":["GET"]}}],"collection":[{"href":"https:\/\/futurwave.shop\/fr\/wp-json\/wp\/v2\/product"}],"about":[{"href":"https:\/\/futurwave.shop\/fr\/wp-json\/wp\/v2\/types\/product"}],"version-history":[{"count":44,"href":"https:\/\/futurwave.shop\/fr\/wp-json\/wp\/v2\/product\/171\/revisions"}],"predecessor-version":[{"id":3305,"href":"https:\/\/futurwave.shop\/fr\/wp-json\/wp\/v2\/product\/171\/revisions\/3305"}],"wp:featuredmedia":[{"embeddable":true,"href":"https:\/\/futurwave.shop\/fr\/wp-json\/wp\/v2\/media\/2544"}],"wp:attachment":[{"href":"https:\/\/futurwave.shop\/fr\/wp-json\/wp\/v2\/media?parent=171"}],"wp:term":[{"taxonomy":"product_brand","embeddable":true,"href":"https:\/\/futurwave.shop\/fr\/wp-json\/wp\/v2\/product_brand?post=171"},{"taxonomy":"product_cat","embeddable":true,"href":"https:\/\/futurwave.shop\/fr\/wp-json\/wp\/v2\/product_cat?post=171"},{"taxonomy":"product_tag","embeddable":true,"href":"https:\/\/futurwave.shop\/fr\/wp-json\/wp\/v2\/product_tag?post=171"}],"curies":[{"name":"wp","href":"https:\/\/api.w.org\/{rel}","templated":true}]}}