{"id":1940,"date":"2025-06-30T17:39:41","date_gmt":"2025-06-30T15:39:41","guid":{"rendered":"https:\/\/futurwave.local\/?post_type=product&#038;p=1940"},"modified":"2026-04-11T10:19:43","modified_gmt":"2026-04-11T08:19:43","slug":"sifly-hydrofoil-unit-v3-prop","status":"publish","type":"product","link":"https:\/\/futurwave.shop\/fr\/product\/sifly-hydrofoil-unit-v3-prop\/","title":{"rendered":"SiFly Hydrofoil Unit V3 Prop"},"content":{"rendered":"<h2 class=\"p1\">Hydrofoil Unit V3 Prop - Le m\u00e2t dynamique eFoil en 60 ou 75 cm<\/h2>\n<p>&nbsp;<\/p>\n<p class=\"p1\">Le <span class=\"s1\">Hydrofoil Unit V3 Prop<\/span> est la cr\u00e8me de la cr\u00e8me de la propulsion eFoil. Avec une puissance de 8 kW et une construction en aluminium, il offre une combinaison de puissance, de contr\u00f4le et de polyvalence. Gr\u00e2ce \u00e0 la <span class=\"s1\">structure modulaire<\/span> vous pouvez choisir entre la <span class=\"s1\">Prop Drive<\/span> pour une performance optimale ou la <span class=\"s1\">Jet Drive<\/span> pour une s\u00e9curit\u00e9 maximale et des trajets silencieux. C'est donc le choix id\u00e9al pour les d\u00e9butants comme pour les pilotes confirm\u00e9s qui cherchent \u00e0 affiner leurs comp\u00e9tences ou \u00e0 repousser leurs limites.<\/p>\n<p class=\"p1\">Le m\u00e2t est disponible en <span class=\"s1\">60 cm ou 75 cm<\/span> et est compatible avec tous les mod\u00e8les SiFly. Le stabilisateur r\u00e9glable permet de passer d'un mode de foiling \u00e0 l'autre : <span class=\"s1\">Confort<\/span>, <span class=\"s1\">Interm\u00e9diaire<\/span> et <span class=\"s1\">Sports<\/span>. Cela vous permet de contr\u00f4ler totalement votre exp\u00e9rience, que vous souhaitiez naviguer tranquillement ou vous lancer de mani\u00e8re agressive. Combin\u00e9 au nouveau design du moteur, plus silencieux, vous obtenez une sensation futuriste de vol au-dessus de l'eau.<\/p>\n<p>&nbsp;<\/p>\n<p>&nbsp;<\/p>\n<h3>Pourquoi choisir l'\u00e9tai Hydrofoil Unit V3 ?<\/h3>\n<p>&nbsp;<\/p>\n<div class=\"spec-item\"><span class=\"s1\">-\u00c9quip\u00e9 d'une h\u00e9lice efficace<\/span><\/div>\n<div>-3 modes de foiling : adaptez la stabilit\u00e9 ou la man\u0153uvrabilit\u00e9 \u00e0 votre niveau<\/div>\n<div>-Moteur silencieux et puissant de 8 kW<\/div>\n<div class=\"spec-item\">-Compatible avec plusieurs mod\u00e8les : Lite, Rider, Stellar<\/div>\n<div>-Construit pour la croissance - du d\u00e9butant au cavalier exp\u00e9riment\u00e9<\/div>\n<p>&nbsp;<\/p>\n<div><strong>Compatible :<\/strong> Lite, Rider, Stellar<\/div>\n<div class=\"spec-item\"><strong>Comprend :<\/strong> V3 M\u00e2t de 60 ou 75 cm + Ailes<\/div>\n<div><strong>Exclusif :<\/strong> Jet drive, Board, Battery<\/div>\n<p>&nbsp;<\/p>\n<p>&nbsp;<\/p>\n<div><i style=\"opacity: 0.4;\">L'am\u00e9lioration constante des produits peut entra\u00eener de l\u00e9g\u00e8res diff\u00e9rences entre les images pr\u00e9sent\u00e9es et le produit final.<\/i><\/div>","protected":false},"excerpt":{"rendered":"<div class=\"specs-list\">\n<div><strong>Niveau de comp\u00e9tence :<\/strong> D\u00e9butants - Avanc\u00e9s<\/div>\n<div class=\"spec-item\"><strong>Construction :<\/strong> Aluminium<\/div>\n<div><strong>Aile :<\/strong> Carbone<\/div>\n<\/div>","protected":false},"featured_media":1958,"template":"","meta":{"_seopress_robots_primary_cat":"none","_seopress_titles_title":"SiFly Hydrofoil Unit V3 Prop - Dynamische eFoil aandrijving","_seopress_titles_desc":"Ontdek de SiFly Hydrofoil V3 60\/75 Prop: krachtige eFoil-aandrijving met verwisselbare motoropties, verstelbare stabilizer & ultieme controle.","_seopress_robots_index":""},"product_brand":[],"product_cat":[17],"product_tag":[],"class_list":{"0":"post-1940","1":"product","2":"type-product","3":"status-publish","4":"has-post-thumbnail","6":"product_cat-efoil-accessoires","7":"product_shipping_class-verzending-l","9":"first","10":"instock","11":"taxable","12":"shipping-taxable","13":"purchasable","14":"product-type-variable"},"_links":{"self":[{"href":"https:\/\/futurwave.shop\/fr\/wp-json\/wp\/v2\/product\/1940","targetHints":{"allow":["GET"]}}],"collection":[{"href":"https:\/\/futurwave.shop\/fr\/wp-json\/wp\/v2\/product"}],"about":[{"href":"https:\/\/futurwave.shop\/fr\/wp-json\/wp\/v2\/types\/product"}],"version-history":[{"count":3,"href":"https:\/\/futurwave.shop\/fr\/wp-json\/wp\/v2\/product\/1940\/revisions"}],"predecessor-version":[{"id":2410,"href":"https:\/\/futurwave.shop\/fr\/wp-json\/wp\/v2\/product\/1940\/revisions\/2410"}],"wp:featuredmedia":[{"embeddable":true,"href":"https:\/\/futurwave.shop\/fr\/wp-json\/wp\/v2\/media\/1958"}],"wp:attachment":[{"href":"https:\/\/futurwave.shop\/fr\/wp-json\/wp\/v2\/media?parent=1940"}],"wp:term":[{"taxonomy":"product_brand","embeddable":true,"href":"https:\/\/futurwave.shop\/fr\/wp-json\/wp\/v2\/product_brand?post=1940"},{"taxonomy":"product_cat","embeddable":true,"href":"https:\/\/futurwave.shop\/fr\/wp-json\/wp\/v2\/product_cat?post=1940"},{"taxonomy":"product_tag","embeddable":true,"href":"https:\/\/futurwave.shop\/fr\/wp-json\/wp\/v2\/product_tag?post=1940"}],"curies":[{"name":"wp","href":"https:\/\/api.w.org\/{rel}","templated":true}]}}