{"id":1944,"date":"2025-06-30T17:45:54","date_gmt":"2025-06-30T15:45:54","guid":{"rendered":"https:\/\/futurwave.local\/?post_type=product&#038;p=1944"},"modified":"2026-04-11T10:19:28","modified_gmt":"2026-04-11T08:19:28","slug":"sifly-hydrofoil-unit-v3-jet","status":"publish","type":"product","link":"https:\/\/futurwave.shop\/fr\/product\/sifly-hydrofoil-unit-v3-jet\/","title":{"rendered":"SiFly Hydrofoil Unit V3 Jet"},"content":{"rendered":"<h2 class=\"p1\">Hydrofoil Unit V3 Jet - Le m\u00e2t eFoil performant pour la s\u00e9curit\u00e9 et le contr\u00f4le<\/h2>\n<p>&nbsp;<\/p>\n<p class=\"p1\">Le <span class=\"s1\">Unit\u00e9 hydrofoil V3 Jet<\/span> r\u00e9unit une ing\u00e9nierie et des performances sophistiqu\u00e9es dans l'une des exp\u00e9riences d'eFoil les plus s\u00fbres du march\u00e9. Le Jet Drive est connu pour ses <span class=\"s1\">Acc\u00e9l\u00e9ration en douceur<\/span>, <span class=\"s1\">fonctionnement silencieux<\/span> et <span class=\"s1\">s\u00e9curit\u00e9 suppl\u00e9mentaire<\/span>Il s'agit donc du choix id\u00e9al pour les \u00e9coles, les centres de location et les familles. Associ\u00e9 au m\u00e2t V3 actualis\u00e9, ce syst\u00e8me offre un contr\u00f4le absolu, un fonctionnement silencieux et une man\u0153uvrabilit\u00e9 dynamique.<\/p>\n<p class=\"p1\">Le stabilisateur r\u00e9glable permet de passer d'un mode de navigation \u00e0 l'autre : <span class=\"s1\">Confort<\/span>, <span class=\"s1\">Interm\u00e9diaire<\/span> et <span class=\"s1\">Sports<\/span>. Cela vous permet d'ajuster parfaitement la stabilit\u00e9 et la sensibilit\u00e9 \u00e0 votre niveau. Gr\u00e2ce au positionnement intelligent du moteur et au design \u00e9pur\u00e9, vous naviguerez plus silencieusement, en douceur et avec plus de sensations que jamais. Compatible avec tous les mod\u00e8les SiFly, ce syst\u00e8me garantit une exp\u00e9rience polyvalente de l'eFoil, de la croisi\u00e8re d\u00e9tendue aux virages pr\u00e9cis \u00e0 la vitesse.<\/p>\n<p>&nbsp;<\/p>\n<p>&nbsp;<\/p>\n<p>&nbsp;<\/p>\n<h3>Pourquoi choisir l'Hydrofoil Unit V3 Jet ?<\/h3>\n<p>&nbsp;<\/p>\n<div class=\"spec-item\"><span class=\"s1\">-\u00c9quip\u00e9 d'un syst\u00e8me d'entra\u00eenement s\u00fbr<\/span><\/div>\n<div>-3 modes de foiling : adaptez la stabilit\u00e9 ou la man\u0153uvrabilit\u00e9 \u00e0 votre niveau<\/div>\n<div>-Moteur silencieux et puissant de 8 kW<\/div>\n<div class=\"spec-item\">-Compatible avec plusieurs mod\u00e8les : Lite, Rider, Stellar<\/div>\n<div>-Construit pour la croissance - du d\u00e9butant au cavalier exp\u00e9riment\u00e9<\/div>\n<p>&nbsp;<\/p>\n<div><strong>Compatible :<\/strong> Lite, Rider, Stellar<\/div>\n<div class=\"spec-item\"><strong>Comprend :<\/strong> V3 m\u00e2t de 60 ou 75 cm + jet drive + ailes<\/div>\n<div><strong>Exclusif :<\/strong> Prop drive, Board, Battery<\/div>\n<p>&nbsp;<\/p>\n<p>&nbsp;<\/p>\n<div><i style=\"opacity: 0.4;\">L'am\u00e9lioration constante des produits peut entra\u00eener de l\u00e9g\u00e8res diff\u00e9rences entre les images pr\u00e9sent\u00e9es et le produit final.<\/i><\/div>","protected":false},"excerpt":{"rendered":"<div class=\"specs-list\">\n<div><strong>Niveau de comp\u00e9tence :<\/strong> D\u00e9butants - Avanc\u00e9s<\/div>\n<div class=\"spec-item\"><strong>Construction :<\/strong> Aluminium<\/div>\n<div><strong>Aile :<\/strong> Carbone<\/div>\n<\/div>","protected":false},"featured_media":1959,"template":"","meta":{"_seopress_robots_primary_cat":"none","_seopress_titles_title":"SiFly Hydrofoil Unit V3 Jet - Performance eFoil aandrijving","_seopress_titles_desc":"Ontdek de SiFly Hydrofoil V3 60\/75 Jet: performance eFoil-aandrijving. De eFoil mast voor veiligheid & controle, stil & stabiel.","_seopress_robots_index":""},"product_brand":[],"product_cat":[17],"product_tag":[],"class_list":{"0":"post-1944","1":"product","2":"type-product","3":"status-publish","4":"has-post-thumbnail","6":"product_cat-efoil-accessoires","7":"product_shipping_class-verzending-l","9":"first","10":"instock","11":"taxable","12":"shipping-taxable","13":"purchasable","14":"product-type-variable"},"_links":{"self":[{"href":"https:\/\/futurwave.shop\/fr\/wp-json\/wp\/v2\/product\/1944","targetHints":{"allow":["GET"]}}],"collection":[{"href":"https:\/\/futurwave.shop\/fr\/wp-json\/wp\/v2\/product"}],"about":[{"href":"https:\/\/futurwave.shop\/fr\/wp-json\/wp\/v2\/types\/product"}],"version-history":[{"count":3,"href":"https:\/\/futurwave.shop\/fr\/wp-json\/wp\/v2\/product\/1944\/revisions"}],"predecessor-version":[{"id":2407,"href":"https:\/\/futurwave.shop\/fr\/wp-json\/wp\/v2\/product\/1944\/revisions\/2407"}],"wp:featuredmedia":[{"embeddable":true,"href":"https:\/\/futurwave.shop\/fr\/wp-json\/wp\/v2\/media\/1959"}],"wp:attachment":[{"href":"https:\/\/futurwave.shop\/fr\/wp-json\/wp\/v2\/media?parent=1944"}],"wp:term":[{"taxonomy":"product_brand","embeddable":true,"href":"https:\/\/futurwave.shop\/fr\/wp-json\/wp\/v2\/product_brand?post=1944"},{"taxonomy":"product_cat","embeddable":true,"href":"https:\/\/futurwave.shop\/fr\/wp-json\/wp\/v2\/product_cat?post=1944"},{"taxonomy":"product_tag","embeddable":true,"href":"https:\/\/futurwave.shop\/fr\/wp-json\/wp\/v2\/product_tag?post=1944"}],"curies":[{"name":"wp","href":"https:\/\/api.w.org\/{rel}","templated":true}]}}